{"id":54,"date":"2026-03-03T02:24:52","date_gmt":"2026-03-03T02:24:52","guid":{"rendered":"https:\/\/casa.queraltjorba.com\/?page_id=54"},"modified":"2026-03-03T02:27:58","modified_gmt":"2026-03-03T02:27:58","slug":"parelles","status":"publish","type":"page","link":"https:\/\/casa.queraltjorba.com\/index.php\/parelles\/","title":{"rendered":"Parelles"},"content":{"rendered":"<div class=\"et_pb_section_0 et_pb_section et_section_regular et_block_section\">\n<div class=\"et_pb_row_0 et_pb_row et_block_row et_animated\">\n<div class=\"et_pb_column_0 et_pb_column et_pb_column_1_3 et_block_column et_pb_css_mix_blend_mode_passthrough\">\n<div class=\"et_pb_image_0 et_pb_image et_animated et_pb_module et_block_module\"><span class=\"et_pb_image_wrap\"><img loading=\"lazy\" decoding=\"async\" src=\"https:\/\/casa.queraltjorba.com\/wp-content\/uploads\/2026\/03\/Q-J21.png\" width=\"500\" height=\"500\" srcset=\"https:\/\/casa.queraltjorba.com\/wp-content\/uploads\/2026\/03\/Q-J21.png 500w, https:\/\/casa.queraltjorba.com\/wp-content\/uploads\/2026\/03\/Q-J21-480x480.png 480w\" sizes=\"(min-width: 0px) and (max-width: 480px) 480px, (min-width: 481px) 500px, 100vw\" class=\"wp-image-68\" title=\"Q J(21)\" \/><\/span><\/div>\n<\/div>\n\n<div class=\"et_pb_column_1 et_pb_column et_pb_column_2_3 et-last-child et_block_column et_pb_css_mix_blend_mode_passthrough\">\n<div class=\"et_pb_text_0 et_pb_text et_pb_bg_layout_dark et_pb_module et_block_module\"><div class=\"et_pb_text_inner\"><h1 data-start=\"291\" data-end=\"410\" style=\"text-align: left;\"><\/h1>\n<h1 data-start=\"291\" data-end=\"410\" style=\"text-align: left;\">Renova la teva relaci\u00f3 sense canviar de marit<\/h1>\n<p style=\"text-align: left;\">I qui diu marit, diu n\u00f2via, company, amiga, vincle o tr\u00edada relacional.<\/p>\n<p style=\"text-align: center;\">\n<\/div><\/div>\n\n<div class=\"et_pb_module et_pb_button_module_wrapper et_pb_button_0_wrapper\"><a class=\"et_pb_button_0 et_pb_button et_pb_bg_layout_light et_pb_module et_block_module\" href=\"\" data-icon=\"\uf56b\">Reserva ara la teva Consultoria de Parelles<\/a><\/div>\n<\/div>\n<\/div>\n<\/div>\n\n<div class=\"et_pb_section_1 et_pb_section et_section_regular et_block_section\">\n<div class=\"et_pb_row_1 et_pb_row et_pb_equal_columns et_pb_gutters1 et_block_row\">\n<div class=\"et_pb_column_2 et_pb_column et_pb_column_2_3 et_block_column et_pb_css_mix_blend_mode_passthrough\">\n<div class=\"et_pb_text_1 et_pb_text et_pb_bg_layout_dark et_pb_module et_block_module\"><div class=\"et_pb_text_inner\"><h4><\/h4>\n<p>&nbsp;<\/p>\n<h4>All\u00f2 que abans us unia i alegrava, ara genera conflictes.<\/h4>\n<p>Les obligacions quotidianes han despla\u00e7at l\u2019inter\u00e8s mutu, el vincle no ha crescut al mateix ritme que el teu m\u00f3n intern i ara us sentiu distanciats.<\/p>\n<p><strong data-start=\"406\" data-end=\"494\">La visi\u00f3 compartida, l\u2019admiraci\u00f3 m\u00fatua i la sensaci\u00f3 de fer equip s'ha anat diluint.<\/strong><\/p>\n<p>La comunicaci\u00f3 s\u2019ha deteriorat i les discussions es repeteixen en bucle.<\/p>\n<\/div><\/div>\n<\/div>\n\n<div class=\"et_pb_column_3 et_pb_column et_pb_column_1_3 et-last-child et_block_column et_pb_css_mix_blend_mode_passthrough\">\n<div class=\"et_pb_image_1 et_pb_image et_animated et_pb_module et_block_module\"><span class=\"et_pb_image_wrap\"><img loading=\"lazy\" decoding=\"async\" src=\"https:\/\/casa.queraltjorba.com\/wp-content\/uploads\/2026\/03\/erotisme-manresa.jpg\" width=\"640\" height=\"640\" srcset=\"https:\/\/casa.queraltjorba.com\/wp-content\/uploads\/2026\/03\/erotisme-manresa.jpg 640w, https:\/\/casa.queraltjorba.com\/wp-content\/uploads\/2026\/03\/erotisme-manresa-480x480.jpg 480w\" sizes=\"(min-width: 0px) and (max-width: 480px) 480px, (min-width: 481px) 640px, 100vw\" class=\"wp-image-69\" title=\"erotisme manresa\" \/><\/span><\/div>\n<\/div>\n<\/div>\n<\/div>\n\n<div class=\"et_pb_section_2 et_pb_section et_section_regular et_block_section\">\n<div class=\"et_pb_row_2 et_pb_row et_block_row et_animated\">\n<div class=\"et_pb_column_4 et_pb_column et_pb_column_4_4 et-last-child et_block_column et_pb_css_mix_blend_mode_passthrough\">\n<div class=\"et_pb_text_2 et_pb_text et_pb_bg_layout_light et_pb_module et_block_module\"><div class=\"et_pb_text_inner\"><h3 style=\"text-align: center;\">El problema no \u00e9s que hagis escollit la persona equivocada, ni que hi hagi cap defecte\u00a0 dins teu que et faci incapa\u00e7 de construir una relaci\u00f3 feli\u00e7.<\/h3>\n<\/div><\/div>\n<\/div>\n<\/div>\n\n<div class=\"et_pb_row_3 et_pb_row et_block_row\">\n<div class=\"et_pb_column_5 et_pb_column et_pb_column_4_4 et-last-child et_block_column et_pb_css_mix_blend_mode_passthrough\">\n<div class=\"et_pb_text_3 et_pb_text et_pb_bg_layout_light et_pb_module et_block_module\"><div class=\"et_pb_text_inner\"><p>Sovint el que ens genera malestar s\u00f3n les expectatives no revisades, parts nostres que s\u2019han quedat estancades en el passat, la manca d\u2019eines per gestionar els conflictes o la pressi\u00f3 d\u2019ideals socials que ens diuen com hauria de ser una parella \u2018perfecta\u2019. <strong>Les dificultats en una relaci\u00f3 no defineixen el seu valor ni la teva capacitat d\u2019estimar o de mer\u00e8ixer amor.\u00a0<\/strong><\/p>\n<\/div><\/div>\n<\/div>\n<\/div>\n\n<div class=\"et_pb_row_4 et_pb_row et_block_row\">\n<div class=\"et_pb_column_6 et_pb_column et_pb_column_1_3 et_block_column et_pb_css_mix_blend_mode_passthrough\">\n<div class=\"et_pb_image_2 et_pb_image et_animated et_pb_module et_block_module\"><span class=\"et_pb_image_wrap\"><img loading=\"lazy\" decoding=\"async\" src=\"https:\/\/casa.queraltjorba.com\/wp-content\/uploads\/2026\/03\/relacions-conscients.png\" width=\"500\" height=\"500\" srcset=\"https:\/\/casa.queraltjorba.com\/wp-content\/uploads\/2026\/03\/relacions-conscients.png 500w, https:\/\/casa.queraltjorba.com\/wp-content\/uploads\/2026\/03\/relacions-conscients-480x480.png 480w\" sizes=\"(min-width: 0px) and (max-width: 480px) 480px, (min-width: 481px) 500px, 100vw\" class=\"wp-image-30\" title=\"relacions conscients\" \/><\/span><\/div>\n<\/div>\n\n<div class=\"et_pb_column_7 et_pb_column et_pb_column_2_3 et-last-child et_block_column et_pb_css_mix_blend_mode_passthrough\">\n<div class=\"et_pb_text_4 et_pb_text et_pb_bg_layout_light et_pb_module et_block_module\"><div class=\"et_pb_text_inner\"><p><strong>La soluci\u00f3 no passa per seguir f\u00f3rmules preestablertes<\/strong> ni fer ter\u00e0pies eternes. Fer cas dels consells diaris que et trobes a les xarxes t'allunya cada cop m\u00e9s d'all\u00f2 que est\u00e0s buscant. <strong>Posar el focus a fora et distreu d'all\u00f2 que \u00e9s essencial.\u00a0<\/strong><\/p>\n<p><strong>Tampoc \u00e9s una q\u00fcesti\u00f3 de manca de voluntat.<\/strong> La teva part racional est\u00e0 totalment decidida a ser feli\u00e7 i tirar endavant. Per\u00f2 la ra\u00f3 \u00e9s nom\u00e9s una petita part de la totalitat de la nostra realitat. Ja has comen\u00e7at a intuir que per ser feli\u00e7 cal anar m\u00e9s enll\u00e0 de la voluntat i la ment. <strong>\u00c9s imprescindible integrar tamb\u00e9 el cos i aquelles parts de tu mateixa que sovint relegues a l'ombra.<\/strong><\/p>\n<\/div><\/div>\n<\/div>\n<\/div>\n\n<div class=\"et_pb_row_5 et_pb_row et_block_row\">\n<div class=\"et_pb_column_8 et_pb_column et_pb_column_4_4 et-last-child et_block_column et_pb_css_mix_blend_mode_passthrough\">\n<div class=\"et_pb_image_3 et_pb_image et_animated et_pb_module et_block_module\"><span class=\"et_pb_image_wrap\"><img loading=\"lazy\" decoding=\"async\" src=\"https:\/\/casa.queraltjorba.com\/wp-content\/uploads\/2026\/03\/psicologai-de-parelles-estables.png\" width=\"1050\" height=\"360\" srcset=\"https:\/\/casa.queraltjorba.com\/wp-content\/uploads\/2026\/03\/psicologai-de-parelles-estables.png 1050w, https:\/\/casa.queraltjorba.com\/wp-content\/uploads\/2026\/03\/psicologai-de-parelles-estables-980x336.png 980w, https:\/\/casa.queraltjorba.com\/wp-content\/uploads\/2026\/03\/psicologai-de-parelles-estables-480x165.png 480w\" sizes=\"(min-width: 0px) and (max-width: 480px) 480px, (min-width: 481px) and (max-width: 980px) 980px, (min-width: 981px) 1050px, 100vw\" class=\"wp-image-70\" title=\"psicologai de parelles estables\" \/><\/span><\/div>\n<\/div>\n<\/div>\n<\/div>\n\n<div class=\"et_pb_section_3 et_pb_section et_section_regular et_block_section\">\n<div class=\"et_pb_row_6 et_pb_row et_block_row et_animated\">\n<div class=\"et_pb_column_9 et_pb_column et_pb_column_4_4 et-last-child et_block_column et_pb_css_mix_blend_mode_passthrough\">\n<div class=\"et_pb_text_5 et_pb_text et_pb_bg_layout_dark et_pb_module et_block_module\"><div class=\"et_pb_text_inner\"><h2>Est\u00e0s decidida a millorar la teva vida i la teva relaci\u00f3 de parella, per\u00f2 cap de les opcions que se\u2019t presenten t\u2019encaixen, ni de bon tros t\u2019entusiasmen.<\/h2>\n<\/div><\/div>\n<\/div>\n<\/div>\n\n<div class=\"et_pb_row_7 et_pb_row et_block_row et_animated\">\n<div class=\"et_pb_column_10 et_pb_column et_pb_column_4_4 et-last-child et_block_column et_pb_css_mix_blend_mode_passthrough\">\n<div class=\"et_pb_text_6 et_pb_text et_pb_bg_layout_dark et_pb_module et_block_module\"><div class=\"et_pb_text_inner\"><p>&nbsp;<\/p>\n<ul>\n<li style=\"font-weight: 400;\" aria-level=\"1\"><span style=\"font-weight: 400;\">Resignar-te i aprendre a conviure amb l\u2019enfado, <\/span><b>les discussions i la desconnexi\u00f3 emocional<\/b><span style=\"font-weight: 400;\"> di\u00e0ria.<\/span><\/li>\n<li style=\"font-weight: 400;\" aria-level=\"1\"><span style=\"font-weight: 400;\">Esperar passivament <strong>que arribi el dia en qu\u00e8 et sentis amb prou valor per separar-te<\/strong>.<\/span><\/li>\n<li style=\"font-weight: 400;\" aria-level=\"1\"><span style=\"font-weight: 400;\">Intentar seguir tota mena de <\/span><b>t\u00e8cniques tedioses, que encara t\u2019allunyen m\u00e9s del desig, per tal de rescatar la passi\u00f3 extingida.\u00a0<\/b><\/li>\n<li style=\"font-weight: 400;\" aria-level=\"1\"><b>Resignar-te a formar-te en poliamor<\/b><span style=\"font-weight: 400;\"> i altres conceptes te\u00f2rics per tal que la relaci\u00f3 sobrevisqui.<\/span><b> Et planteges obrir la relaci\u00f3 <\/b><span style=\"font-weight: 400;\">per\u00f2 no saps ni per on comen\u00e7ar per tal de no fer-vos mal i empitjorar m\u00e9s les coses.<\/span><\/li>\n<li style=\"font-weight: 400;\" aria-level=\"1\"><b>Veure el m\u00f3n de les apps de cites i les relacions casuals<\/b><span style=\"font-weight: 400;\"> com l\u2019\u00fanica via per refer la teva vida amorosa.<\/span><\/li>\n<li style=\"font-weight: 400;\" aria-level=\"1\"><b>Deixar que la infidelitat es coli per la porta<span style=\"font-weight: 400;\"> i el pes de les mentides malmeti encara m\u00e9s la vostra confian\u00e7a.<\/span><\/b><\/li>\n<\/ul>\n<\/div><\/div>\n<\/div>\n<\/div>\n\n<div class=\"et_pb_row_8 et_pb_row et_block_row\">\n<div class=\"et_pb_column_11 et_pb_column et_pb_column_4_4 et-last-child et_block_column et_pb_css_mix_blend_mode_passthrough\">\n<div class=\"et_pb_image_4 et_pb_image et_animated et_pb_module et_block_module\"><span class=\"et_pb_image_wrap\"><img loading=\"lazy\" decoding=\"async\" src=\"https:\/\/casa.queraltjorba.com\/wp-content\/uploads\/2026\/03\/psicologia-del-matrimoni-scaled-1.jpg\" width=\"2560\" height=\"1193\" srcset=\"https:\/\/casa.queraltjorba.com\/wp-content\/uploads\/2026\/03\/psicologia-del-matrimoni-scaled-1.jpg 2560w, https:\/\/casa.queraltjorba.com\/wp-content\/uploads\/2026\/03\/psicologia-del-matrimoni-scaled-1-1280x597.jpg 1280w, https:\/\/casa.queraltjorba.com\/wp-content\/uploads\/2026\/03\/psicologia-del-matrimoni-scaled-1-980x457.jpg 980w, https:\/\/casa.queraltjorba.com\/wp-content\/uploads\/2026\/03\/psicologia-del-matrimoni-scaled-1-480x224.jpg 480w\" sizes=\"(min-width: 0px) and (max-width: 480px) 480px, (min-width: 481px) and (max-width: 980px) 980px, (min-width: 981px) and (max-width: 1280px) 1280px, (min-width: 1281px) 2560px, 100vw\" class=\"wp-image-72\" title=\"psicologia del matrimoni\" \/><\/span><\/div>\n<\/div>\n<\/div>\n<\/div>\n\n<div class=\"et_pb_section_4 et_pb_section et_section_regular et_block_section\">\n<div class=\"et_pb_row_9 et_pb_row et_block_row et_animated\">\n<div class=\"et_pb_column_12 et_pb_column et_pb_column_4_4 et-last-child et_block_column et_pb_css_mix_blend_mode_passthrough\">\n<div class=\"et_pb_text_7 et_pb_text et_pb_bg_layout_dark et_pb_module et_block_module\"><div class=\"et_pb_text_inner\"><h3 style=\"text-align: center;\">De Parelles en crisi a Matrimonis conscients<strong><\/strong><\/h3>\n<\/div><\/div>\n<\/div>\n<\/div>\n\n<div class=\"et_pb_row_10 et_pb_row et_pb_equal_columns et_pb_gutters1 et_block_row\">\n<div class=\"et_pb_column_13 et_pb_column et_pb_column_1_2 et_block_column et_pb_column_empty et_pb_css_mix_blend_mode_passthrough\"><\/div>\n\n<div class=\"et_pb_column_14 et_pb_column et_pb_column_1_2 et-last-child et_block_column et_pb_css_mix_blend_mode_passthrough\">\n<div class=\"et_pb_text_8 et_pb_text et_pb_bg_layout_dark et_animated et_pb_module et_block_module\"><div class=\"et_pb_text_inner\"><p data-start=\"283\" data-end=\"549\">Acompanyo parelles amb un llarg recorregut que s\u2019estan plantejant separar-se. Saben que juntes tenen potencial, i aix\u00f2 \u00e9s el que encara les mant\u00e9 unides, per\u00f2 s\u2019enfronten a conflictes profunds o a situacions recurrents que posen en dubte la viabilitat de la relaci\u00f3.<\/p>\n<p data-start=\"551\" data-end=\"684\">Ajudo a revitalitzar vincles que es troben davant dilemes que semblen irresolubles, processos d\u2019infidelitat o ambients de tensi\u00f3.<\/p>\n<p data-start=\"1281\" data-end=\"1560\">Atenc tant parelles m\u00e9s <em>convencionals,<\/em> matrimonis, parelles joves o configuracions m\u00e9s curioses: obertes, poliamoroses, amb estructures complexes o formes de conviv\u00e8ncia poc habituals.<\/p>\n<\/div><\/div>\n<\/div>\n<\/div>\n<\/div>\n\n<div class=\"et_pb_section_5 et_pb_section et_section_regular et_block_section\">\n<div class=\"et_pb_row_11 et_pb_row et_block_row\">\n<div class=\"et_pb_column_15 et_pb_column et_pb_column_3_5 et_block_column et_pb_css_mix_blend_mode_passthrough\">\n<div class=\"et_pb_text_9 et_pb_text et_pb_bg_layout_dark et_pb_module et_block_module\"><div class=\"et_pb_text_inner\"><h4><\/h4>\n<h4>Segons com et posiciones, pots fer que la conviv\u00e8ncia sigui una font de benestar o b\u00e9 un focus de conflicte.<\/h4>\n<p>M\u00e9s enll\u00e0 de quina constel\u00b7laci\u00f3 visquis \u2014 soltera, amb la fam\u00edlia extensa, en parella, en una xarxa d\u2019afinitat o <em data-start=\"377\" data-end=\"400\">living apart together<\/em>\u2014 la q\u00fcesti\u00f3 \u00e9s que tu tens un paper fonamental en la qualitat dels vincles que crees.<\/p>\n<\/div><\/div>\n<\/div>\n\n<div class=\"et_pb_column_16 et_pb_column et_pb_column_2_5 et-last-child et_block_column et_pb_css_mix_blend_mode_passthrough\">\n<div class=\"et_pb_image_5 et_pb_image et_animated et_pb_module et_block_module\"><span class=\"et_pb_image_wrap\"><img loading=\"lazy\" decoding=\"async\" src=\"https:\/\/casa.queraltjorba.com\/wp-content\/uploads\/2026\/03\/Q-J19.png\" width=\"500\" height=\"500\" srcset=\"https:\/\/casa.queraltjorba.com\/wp-content\/uploads\/2026\/03\/Q-J19.png 500w, https:\/\/casa.queraltjorba.com\/wp-content\/uploads\/2026\/03\/Q-J19-480x480.png 480w\" sizes=\"(min-width: 0px) and (max-width: 480px) 480px, (min-width: 481px) 500px, 100vw\" class=\"wp-image-74\" title=\"Q J(19)\" \/><\/span><\/div>\n<\/div>\n<\/div>\n<\/div>\n\n<div class=\"et_pb_section_6 et_pb_section et_section_regular et_block_section\">\n<div class=\"et_pb_row_12 et_pb_row et_block_row et_animated\">\n<div class=\"et_pb_column_17 et_pb_column et_pb_column_4_4 et-last-child et_block_column et_pb_css_mix_blend_mode_passthrough\">\n<div class=\"et_pb_text_10 et_pb_text et_pb_bg_layout_dark et_pb_module et_block_module\"><div class=\"et_pb_text_inner\"><h3 style=\"text-align: center;\">\u00c9s moment de deixar de seguir formules preestablertes i construir una relaci\u00f3 a mida. <span style=\"font-weight: 400;\">\u00a0<\/span><\/h3>\n<\/div><\/div>\n<\/div>\n<\/div>\n\n<div class=\"et_pb_row_13 et_pb_row et_pb_equal_columns et_pb_gutters1 et_block_row\">\n<div class=\"et_pb_column_18 et_pb_column et_pb_column_1_2 et_block_column et_pb_column_empty et_pb_css_mix_blend_mode_passthrough\"><\/div>\n\n<div class=\"et_pb_column_19 et_pb_column et_pb_column_1_2 et-last-child et_block_column et_pb_css_mix_blend_mode_passthrough\">\n<div class=\"et_pb_text_11 et_pb_text et_pb_bg_layout_dark et_animated et_pb_module et_block_module\"><div class=\"et_pb_text_inner\"><p>Juntes tra\u00e7arem un cam\u00ed a mida, posant el focus en all\u00f2 que realment necessiteu i desitgeu. Jo hi poso l\u2019experi\u00e8ncia i la perspectiva; vosaltres la saviesa i l\u2019\u00faltima paraula. Juntes, ho farem m\u00e9s f\u00e0cil.<\/p>\n<p data-start=\"423\" data-end=\"644\">No es tracta de passar mesos i mesos en ter\u00e0pia ni d\u2019aprendre t\u00e8cniques complicades.<br data-start=\"507\" data-end=\"510\" \/>\u00c9s hora de demanar ajuda qualificada. Mereixeu rebre acompanyament professional i un m\u00e8tode s\u00f2lid per cuidar la vostra vida emocional.<\/p>\n<\/div><\/div>\n<\/div>\n<\/div>\n<\/div>\n\n<div class=\"et_pb_section_7 et_pb_section et_section_regular et_block_section\">\n<div class=\"et_pb_row_14 et_pb_row et_pb_row_1-4_3-4 et_block_row et_block_row_1-4_3-4\">\n<div class=\"et_pb_column_20 et_pb_column et_pb_column_1_4 et_block_column et_pb_css_mix_blend_mode_passthrough\">\n<div class=\"et_pb_image_6 et_pb_image et_pb_module et_block_module\"><span class=\"et_pb_image_wrap\"><img loading=\"lazy\" decoding=\"async\" src=\"https:\/\/casa.queraltjorba.com\/wp-content\/uploads\/2026\/03\/Q-J31.png\" width=\"500\" height=\"500\" srcset=\"https:\/\/casa.queraltjorba.com\/wp-content\/uploads\/2026\/03\/Q-J31.png 500w, https:\/\/casa.queraltjorba.com\/wp-content\/uploads\/2026\/03\/Q-J31-480x480.png 480w\" sizes=\"(min-width: 0px) and (max-width: 480px) 480px, (min-width: 481px) 500px, 100vw\" class=\"wp-image-76\" title=\"Q J(31)\" \/><\/span><\/div>\n<\/div>\n\n<div class=\"et_pb_column_21 et_pb_column et_pb_column_3_4 et-last-child et_block_column et_pb_css_mix_blend_mode_passthrough\">\n<div class=\"et_pb_text_12 et_pb_text et_pb_bg_layout_light et_animated et_pb_module et_block_module\"><div class=\"et_pb_text_inner\"><p><b><\/b><\/p>\n<p>Heu dedicat molta energia a aquesta relaci\u00f3. Ara us mereixeu una atenci\u00f3 especial.<\/p>\n<h4><\/h4>\n<h4>Us acompanyo a obrir una nova etapa junts, sense que aix\u00f2 impliqui canviar de parella.<span style=\"font-weight: 400;\"><\/span><\/h4>\n<\/div><\/div>\n<\/div>\n<\/div>\n\n<div class=\"et_pb_row_15 et_pb_row et_block_row\">\n<div class=\"et_pb_column_22 et_pb_column et_pb_column_4_4 et-last-child et_block_column et_pb_css_mix_blend_mode_passthrough\">\n<div class=\"et_pb_text_13 et_pb_text et_pb_bg_layout_light et_pb_module et_block_module\"><div class=\"et_pb_text_inner\"><h3>Metodologia<\/h3>\n<\/div><\/div>\n<\/div>\n<\/div>\n<\/div>\n\n<div class=\"et_pb_section_8 et_pb_section et_section_regular et_block_section\">\n<div class=\"et_pb_row_16 et_pb_row et_block_row et_animated\">\n<div class=\"et_pb_column_23 et_pb_column et_pb_column_4_4 et-last-child et_block_column et_pb_css_mix_blend_mode_passthrough\">\n<div class=\"et_pb_text_14 et_pb_text et_pb_bg_layout_dark et_pb_module et_block_module\"><div class=\"et_pb_text_inner\"><h3 style=\"text-align: center;\">Reserva la teva Consultoria de Parella<\/h3>\n<\/div><\/div>\n<\/div>\n<\/div>\n<\/div>","protected":false},"excerpt":{"rendered":"","protected":false},"author":1,"featured_media":0,"parent":0,"menu_order":0,"comment_status":"closed","ping_status":"closed","template":"","meta":{"footnotes":""},"class_list":["post-54","page","type-page","status-publish","hentry"],"_links":{"self":[{"href":"https:\/\/casa.queraltjorba.com\/index.php\/wp-json\/wp\/v2\/pages\/54","targetHints":{"allow":["GET"]}}],"collection":[{"href":"https:\/\/casa.queraltjorba.com\/index.php\/wp-json\/wp\/v2\/pages"}],"about":[{"href":"https:\/\/casa.queraltjorba.com\/index.php\/wp-json\/wp\/v2\/types\/page"}],"author":[{"embeddable":true,"href":"https:\/\/casa.queraltjorba.com\/index.php\/wp-json\/wp\/v2\/users\/1"}],"replies":[{"embeddable":true,"href":"https:\/\/casa.queraltjorba.com\/index.php\/wp-json\/wp\/v2\/comments?post=54"}],"version-history":[{"count":3,"href":"https:\/\/casa.queraltjorba.com\/index.php\/wp-json\/wp\/v2\/pages\/54\/revisions"}],"predecessor-version":[{"id":77,"href":"https:\/\/casa.queraltjorba.com\/index.php\/wp-json\/wp\/v2\/pages\/54\/revisions\/77"}],"wp:attachment":[{"href":"https:\/\/casa.queraltjorba.com\/index.php\/wp-json\/wp\/v2\/media?parent=54"}],"curies":[{"name":"wp","href":"https:\/\/api.w.org\/{rel}","templated":true}]}}