{"id":102,"date":"2026-03-03T02:33:16","date_gmt":"2026-03-03T02:33:16","guid":{"rendered":"https:\/\/casa.queraltjorba.com\/?page_id=102"},"modified":"2026-03-20T16:08:55","modified_gmt":"2026-03-20T16:08:55","slug":"newsletter","status":"publish","type":"page","link":"https:\/\/casa.queraltjorba.com\/index.php\/newsletter\/","title":{"rendered":"Newsletter"},"content":{"rendered":"<div class=\"et_pb_section_0 et_pb_section et_section_regular et_block_section\"><div class=\"et_pb_row_0 et_pb_row et_block_row et_animated\"><div class=\"et_pb_column_0 et_pb_column et_pb_column_4_4 et-last-child et_block_column et_pb_css_mix_blend_mode_passthrough\"><div class=\"et_pb_text_0 et_pb_text et_pb_bg_layout_dark et_pb_module et_block_module\"><div class=\"et_pb_text_inner\"><h3 style=\"text-align: center;\">LES CARTES ENCANTADES<\/h3>\n<p style=\"text-align: center;\">Subscriu-te al butllet\u00ed de Queralt Jorba<\/p>\n<\/div><\/div><\/div><\/div><div class=\"et_pb_row_1 et_pb_row et_block_row\"><div class=\"et_pb_column_1 et_pb_column et_pb_column_1_3 et_block_column et_pb_css_mix_blend_mode_passthrough\"><div class=\"et_pb_image_0 et_pb_image et_animated et_pb_module et_block_module\"><span class=\"et_pb_image_wrap\"><img loading=\"lazy\" decoding=\"async\" src=\"https:\/\/casa.queraltjorba.com\/wp-content\/uploads\/2026\/03\/Q-J5.png\" width=\"500\" height=\"500\" srcset=\"https:\/\/casa.queraltjorba.com\/wp-content\/uploads\/2026\/03\/Q-J5.png 500w, https:\/\/casa.queraltjorba.com\/wp-content\/uploads\/2026\/03\/Q-J5-480x480.png 480w\" sizes=\"(min-width: 0px) and (max-width: 480px) 480px, (min-width: 481px) 500px, 100vw\" class=\"wp-image-37\" title=\"Q J(5)\" \/><\/span><\/div><\/div><div class=\"et_pb_column_2 et_pb_column et_pb_column_2_3 et-last-child et_block_column et_pb_css_mix_blend_mode_passthrough\"><div class=\"et_pb_text_1 et_pb_text et_pb_bg_layout_dark et_pb_module et_block_module\"><div class=\"et_pb_text_inner\"><p>\u00a0Un espai \u00edntim a on comparteixo reflexions personals i professionals, recursos poderosos i les novetats del mes.<br \/>Aqu\u00ed hi trobar\u00e0s pensaments exclusius que no comparteixo enlloc m\u00e9s.<\/p>\n<p>Accepto la pol\u00edtica de privacitat per rebre el butllet\u00ed amb promocions i informaci\u00f3 valuosa. Pots donar-te de baixa en qualsevol moment.<\/p>\n<\/div><\/div><\/div><\/div><div class=\"et_pb_row_2 et_pb_row et_flex_row\"><div class=\"et_pb_column_3 et_pb_column et-last-child et_flex_column et_pb_css_mix_blend_mode_passthrough et_flex_column_24_24 et_flex_column_24_24_tablet et_flex_column_24_24_phone\"><div class=\"et_pb_module et_pb_button_module_wrapper et_pb_button_0_wrapper\"><a class=\"et_pb_button_0 et_pb_button et_pb_bg_layout_light et_pb_module et_flex_module\" href=\"\">Vull rebre el Butllet\u00ed<\/a><\/div><\/div><\/div><\/div>","protected":false},"excerpt":{"rendered":"","protected":false},"author":1,"featured_media":0,"parent":0,"menu_order":0,"comment_status":"closed","ping_status":"closed","template":"page-template-blank.php","meta":{"footnotes":""},"class_list":["post-102","page","type-page","status-publish","hentry"],"_links":{"self":[{"href":"https:\/\/casa.queraltjorba.com\/index.php\/wp-json\/wp\/v2\/pages\/102","targetHints":{"allow":["GET"]}}],"collection":[{"href":"https:\/\/casa.queraltjorba.com\/index.php\/wp-json\/wp\/v2\/pages"}],"about":[{"href":"https:\/\/casa.queraltjorba.com\/index.php\/wp-json\/wp\/v2\/types\/page"}],"author":[{"embeddable":true,"href":"https:\/\/casa.queraltjorba.com\/index.php\/wp-json\/wp\/v2\/users\/1"}],"replies":[{"embeddable":true,"href":"https:\/\/casa.queraltjorba.com\/index.php\/wp-json\/wp\/v2\/comments?post=102"}],"version-history":[{"count":4,"href":"https:\/\/casa.queraltjorba.com\/index.php\/wp-json\/wp\/v2\/pages\/102\/revisions"}],"predecessor-version":[{"id":153,"href":"https:\/\/casa.queraltjorba.com\/index.php\/wp-json\/wp\/v2\/pages\/102\/revisions\/153"}],"wp:attachment":[{"href":"https:\/\/casa.queraltjorba.com\/index.php\/wp-json\/wp\/v2\/media?parent=102"}],"curies":[{"name":"wp","href":"https:\/\/api.w.org\/{rel}","templated":true}]}}